{"id":41,"date":"2026-04-25T15:55:55","date_gmt":"2026-04-25T18:55:55","guid":{"rendered":"https:\/\/cosmopessoa.com.br\/index.php\/home\/"},"modified":"2026-04-27T09:33:21","modified_gmt":"2026-04-27T12:33:21","slug":"home","status":"publish","type":"page","link":"https:\/\/cosmopessoa.com.br\/","title":{"rendered":"Home"},"content":{"rendered":"\t\t<div data-elementor-type=\"wp-page\" data-elementor-id=\"41\" class=\"elementor elementor-41\">\n\t\t\t\t<div class=\"elementor-element elementor-element-d5cfde3 e-flex e-con-boxed e-con e-parent\" data-id=\"d5cfde3\" data-element_type=\"container\" data-e-type=\"container\" data-settings=\"{&quot;background_background&quot;:&quot;gradient&quot;}\">\n\t\t\t\t\t<div class=\"e-con-inner\">\n\t\t\t\t<div class=\"elementor-element elementor-element-3ecd55be elementor-invisible elementor-widget elementor-widget-heading\" data-id=\"3ecd55be\" data-element_type=\"widget\" data-e-type=\"widget\" data-settings=\"{&quot;_animation&quot;:&quot;fadeIn&quot;}\" data-widget_type=\"heading.default\">\n\t\t\t\t\t<h2 class=\"elementor-heading-title elementor-size-default\"><br>Em breve, um novo espa\u00e7o cultivado com beleza e sofistica\u00e7\u00e3o estar\u00e1 no ar!<\/h2>\t\t\t\t<\/div>\n\t\t\t\t<div class=\"elementor-element elementor-element-32b3f1bc elementor-invisible elementor-widget elementor-widget-heading\" data-id=\"32b3f1bc\" data-element_type=\"widget\" data-e-type=\"widget\" data-settings=\"{&quot;_animation&quot;:&quot;fadeIn&quot;}\" data-widget_type=\"heading.default\">\n\t\t\t\t\t<h5 class=\"elementor-heading-title elementor-size-default\"><a href=\"https:\/\/linktr.ee\/cosmopesoa_paisagismo?fbclid=PAZXh0bgNhZW0CMTEAAaeVHPYDPuE_bKoKy5B-Qcqg7klsKKV-bzPRBqO2RF54hCXDc8RECwCb4vKihQ_aem_zwLHsPiGK14oGcbG_AmMCw\">Deseja um paisagismo deslumbrante da Cosmo Pessoa?!<\/a><\/h5>\t\t\t\t<\/div>\n\t\t\t\t<div class=\"elementor-element elementor-element-2a921c06 elementor-align-center elementor-invisible elementor-widget elementor-widget-button\" data-id=\"2a921c06\" data-element_type=\"widget\" data-e-type=\"widget\" data-settings=\"{&quot;_animation&quot;:&quot;fadeIn&quot;,&quot;_animation_delay&quot;:400}\" data-widget_type=\"button.default\">\n\t\t\t\t\t\t\t\t\t\t<a class=\"elementor-button elementor-button-link elementor-size-sm\" href=\"https:\/\/linktr.ee\/cosmopesoa_paisagismo?fbclid=PAZXh0bgNhZW0CMTEAAaeVHPYDPuE_bKoKy5B-Qcqg7klsKKV-bzPRBqO2RF54hCXDc8RECwCb4vKihQ_aem_zwLHsPiGK14oGcbG_AmMCw\">\n\t\t\t\t\t\t<span class=\"elementor-button-content-wrapper\">\n\t\t\t\t\t\t\t\t\t<span class=\"elementor-button-text\">Clique aqui - Entre em contato agora mesmo!<\/span>\n\t\t\t\t\t<\/span>\n\t\t\t\t\t<\/a>\n\t\t\t\t\t\t\t\t<\/div>\n\t\t\t\t<div class=\"elementor-element elementor-element-d19e4a5 elementor-widget elementor-widget-image\" data-id=\"d19e4a5\" data-element_type=\"widget\" data-e-type=\"widget\" data-widget_type=\"image.default\">\n\t\t\t\t\t\t\t\t\t\t\t\t\t\t\t<img fetchpriority=\"high\" decoding=\"async\" width=\"750\" height=\"462\" src=\"https:\/\/cosmopessoa.com.br\/wp-content\/uploads\/2026\/04\/logo_completo.png\" class=\"attachment-large size-large wp-image-66\" alt=\"\" srcset=\"https:\/\/cosmopessoa.com.br\/wp-content\/uploads\/2026\/04\/logo_completo.png 750w, https:\/\/cosmopessoa.com.br\/wp-content\/uploads\/2026\/04\/logo_completo-300x185.png 300w\" sizes=\"(max-width: 750px) 100vw, 750px\" \/>\t\t\t\t\t\t\t\t\t\t\t\t\t\t\t<\/div>\n\t\t\t\t<div class=\"elementor-element elementor-element-67964e2 elementor-widget elementor-widget-google_maps\" data-id=\"67964e2\" data-element_type=\"widget\" data-e-type=\"widget\" data-widget_type=\"google_maps.default\">\n\t\t\t\t\t\t\t<div class=\"elementor-custom-embed\">\n\t\t\t<iframe loading=\"lazy\"\n\t\t\t\t\tsrc=\"https:\/\/maps.google.com\/maps?q=R.%20Lu%C3%ADs%20Gonzaga%20de%20Barros%20Santos%2C%2037&#038;t=m&#038;z=15&#038;output=embed&#038;iwloc=near\"\n\t\t\t\t\ttitle=\"R. Lu\u00eds Gonzaga de Barros Santos, 37\"\n\t\t\t\t\taria-label=\"R. Lu\u00eds Gonzaga de Barros Santos, 37\"\n\t\t\t><\/iframe>\n\t\t<\/div>\n\t\t\t\t\t\t<\/div>\n\t\t\t\t<div class=\"elementor-element elementor-element-05b8b57 elementor-widget elementor-widget-heading\" data-id=\"05b8b57\" data-element_type=\"widget\" data-e-type=\"widget\" data-widget_type=\"heading.default\">\n\t\t\t\t\t<h2 class=\"elementor-heading-title elementor-size-default\">R. Lu\u00eds Gonzaga de Barros Santos, 37 - Cidade Dutra - S\u00e3o Paulo | SP<\/h2>\t\t\t\t<\/div>\n\t\t\t\t<div class=\"elementor-element elementor-element-c43fd5a elementor-align-center elementor-invisible elementor-widget elementor-widget-button\" data-id=\"c43fd5a\" data-element_type=\"widget\" data-e-type=\"widget\" data-settings=\"{&quot;_animation&quot;:&quot;fadeIn&quot;,&quot;_animation_delay&quot;:400}\" data-widget_type=\"button.default\">\n\t\t\t\t\t\t\t\t\t\t<a class=\"elementor-button elementor-button-link elementor-size-sm\" href=\"https:\/\/linktr.ee\/cosmopesoa_paisagismo?fbclid=PAZXh0bgNhZW0CMTEAAaeVHPYDPuE_bKoKy5B-Qcqg7klsKKV-bzPRBqO2RF54hCXDc8RECwCb4vKihQ_aem_zwLHsPiGK14oGcbG_AmMCw\">\n\t\t\t\t\t\t<span class=\"elementor-button-content-wrapper\">\n\t\t\t\t\t\t\t\t\t<span class=\"elementor-button-text\">Clique aqui - Entre em contato agora mesmo!<\/span>\n\t\t\t\t\t<\/span>\n\t\t\t\t\t<\/a>\n\t\t\t\t\t\t\t\t<\/div>\n\t\t\t\t<div class=\"elementor-element elementor-element-290376c elementor-widget elementor-widget-heading\" data-id=\"290376c\" data-element_type=\"widget\" data-e-type=\"widget\" data-widget_type=\"heading.default\">\n\t\t\t\t\t<h2 class=\"elementor-heading-title elementor-size-default\">By eVigg TI<\/h2>\t\t\t\t<\/div>\n\t\t\t\t\t<\/div>\n\t\t\t\t<\/div>\n\t\t\t\t<\/div>\n\t\t","protected":false},"excerpt":{"rendered":"<p>Em breve, um novo espa\u00e7o cultivado com beleza e sofistica\u00e7\u00e3o estar\u00e1 no ar! Deseja um paisagismo deslumbrante da Cosmo Pessoa?! Clique aqui &#8211; Entre em contato agora mesmo! R. Lu\u00eds Gonzaga de Barros Santos, 37 &#8211; Cidade Dutra &#8211; S\u00e3o Paulo | SP Clique aqui &#8211; Entre em contato agora mesmo! By eVigg TI<\/p>\n","protected":false},"author":1,"featured_media":46,"parent":0,"menu_order":0,"comment_status":"closed","ping_status":"closed","template":"elementor_header_footer","meta":{"footnotes":""},"class_list":["post-41","page","type-page","status-publish","has-post-thumbnail","hentry"],"_links":{"self":[{"href":"https:\/\/cosmopessoa.com.br\/index.php\/wp-json\/wp\/v2\/pages\/41","targetHints":{"allow":["GET"]}}],"collection":[{"href":"https:\/\/cosmopessoa.com.br\/index.php\/wp-json\/wp\/v2\/pages"}],"about":[{"href":"https:\/\/cosmopessoa.com.br\/index.php\/wp-json\/wp\/v2\/types\/page"}],"author":[{"embeddable":true,"href":"https:\/\/cosmopessoa.com.br\/index.php\/wp-json\/wp\/v2\/users\/1"}],"replies":[{"embeddable":true,"href":"https:\/\/cosmopessoa.com.br\/index.php\/wp-json\/wp\/v2\/comments?post=41"}],"version-history":[{"count":49,"href":"https:\/\/cosmopessoa.com.br\/index.php\/wp-json\/wp\/v2\/pages\/41\/revisions"}],"predecessor-version":[{"id":125,"href":"https:\/\/cosmopessoa.com.br\/index.php\/wp-json\/wp\/v2\/pages\/41\/revisions\/125"}],"wp:featuredmedia":[{"embeddable":true,"href":"https:\/\/cosmopessoa.com.br\/index.php\/wp-json\/wp\/v2\/media\/46"}],"wp:attachment":[{"href":"https:\/\/cosmopessoa.com.br\/index.php\/wp-json\/wp\/v2\/media?parent=41"}],"curies":[{"name":"wp","href":"https:\/\/api.w.org\/{rel}","templated":true}]}}